{"id":119,"date":"2025-12-17T23:44:16","date_gmt":"2025-12-17T22:44:16","guid":{"rendered":"https:\/\/veterano.de\/politica-privacidad\/"},"modified":"2026-01-29T12:41:25","modified_gmt":"2026-01-29T11:41:25","slug":"privacy-policy","status":"publish","type":"page","link":"https:\/\/veterano.de\/en\/privacy-policy\/","title":{"rendered":"Privacy Policy"},"content":{"rendered":"<h2>PRIVACY POLICY. DATA PROTECTION INFORMATION<br \/>\nGRUPO OSBORNE S.A.U.<\/h2>\n<p>Tax ID No.: A-11535564<\/p>\n<p>Registered Address: C\/ Fern\u00e1n Caballero 7, 11500, El Puerto de Santa Mar\u00eda (C\u00e1diz), Spain<\/p>\n<p>Email address: <a href=\"mailto:rgpd@osborne.es\">rgpd@osborne.es<\/a><\/p>\n<p>GRUPO OSBORNE S.A.U. hereby informs users of its data protection policy in compliance with Regulation (EU) 2016\/679 (General Data Protection Regulation \u2013 GDPR) and Spanish Organic Law 3\/2018 on the Protection of Personal Data and the Guarantee of Digital Rights.<br \/>\nYou may obtain detailed information regarding the processing of personal data by clicking on the following sections:<\/p>\n<ol>\n<li><a href=\"https:\/\/veterano.de\/en\/contact-privacy-policy\/\">INFORMATION ON PERSONAL DATA PROTECTION RELATING TO CONTACT<\/a><\/li>\n<li><a href=\"https:\/\/veterano.de\/en\/contest-privacy-policy\/\">INFORMATION ON PERSONAL DATA PROTECTION RELATING TO PROMOTIONS AND CONTESTS<\/a><\/li>\n<li><a href=\"https:\/\/veterano.de\/en\/personal-data-protection\/\">INFORMATION ON PERSONAL DATA PROTECTION FOR THE EXERCISE OF RIGHTS RELATED TO THE PROCESSING OF PERSONAL DATA<\/a><\/li>\n<\/ol>\n","protected":false},"excerpt":{"rendered":"<p>PRIVACY POLICY. DATA PROTECTION INFORMATION GRUPO OSBORNE S.A.U. Tax ID No.: A-11535564 Registered Address: C\/ Fern\u00e1n Caballero 7, 11500, El Puerto de Santa Mar\u00eda (C\u00e1diz), Spain Email address: rgpd@osborne.es GRUPO OSBORNE S.A.U. hereby informs users of its data protection policy in compliance with Regulation (EU) 2016\/679 (General Data Protection Regulation \u2013 GDPR) and Spanish Organic [&#8230;]<\/p>\n<p><a class=\"btn btn-secondary understrap-read-more-link\" href=\"https:\/\/veterano.de\/en\/privacy-policy\/\">Read More&#8230;<\/a><\/p>\n","protected":false},"author":1,"featured_media":0,"parent":0,"menu_order":0,"comment_status":"closed","ping_status":"closed","template":"page-legal.php","meta":{"footnotes":""},"class_list":["post-119","page","type-page","status-publish","hentry"],"yoast_head":"<!-- This site is optimized with the Yoast SEO plugin v26.9 - https:\/\/yoast.com\/product\/yoast-seo-wordpress\/ -->\n<title>Privacy Policy - Veterano<\/title>\n<meta name=\"robots\" content=\"index, follow, max-snippet:-1, max-image-preview:large, max-video-preview:-1\" \/>\n<link rel=\"canonical\" href=\"https:\/\/veterano.de\/en\/privacy-policy\/\" \/>\n<meta property=\"og:locale\" content=\"en_US\" \/>\n<meta property=\"og:type\" content=\"article\" \/>\n<meta property=\"og:title\" content=\"Privacy Policy - Veterano\" \/>\n<meta property=\"og:description\" content=\"PRIVACY POLICY. DATA PROTECTION INFORMATION GRUPO OSBORNE S.A.U. Tax ID No.: A-11535564 Registered Address: C\/ Fern\u00e1n Caballero 7, 11500, El Puerto de Santa Mar\u00eda (C\u00e1diz), Spain Email address: rgpd@osborne.es GRUPO OSBORNE S.A.U. hereby informs users of its data protection policy in compliance with Regulation (EU) 2016\/679 (General Data Protection Regulation \u2013 GDPR) and Spanish Organic [...]Read More...\" \/>\n<meta property=\"og:url\" content=\"https:\/\/veterano.de\/en\/privacy-policy\/\" \/>\n<meta property=\"og:site_name\" content=\"Veterano\" \/>\n<meta property=\"article:modified_time\" content=\"2026-01-29T11:41:25+00:00\" \/>\n<meta name=\"twitter:card\" content=\"summary_large_image\" \/>\n<meta name=\"twitter:label1\" content=\"Est. reading time\" \/>\n\t<meta name=\"twitter:data1\" content=\"1 minute\" \/>\n<script type=\"application\/ld+json\" class=\"yoast-schema-graph\">{\"@context\":\"https:\/\/schema.org\",\"@graph\":[{\"@type\":\"WebPage\",\"@id\":\"https:\/\/veterano.de\/en\/privacy-policy\/\",\"url\":\"https:\/\/veterano.de\/en\/privacy-policy\/\",\"name\":\"Privacy Policy - Veterano\",\"isPartOf\":{\"@id\":\"https:\/\/veterano.de\/en\/#website\"},\"datePublished\":\"2025-12-17T22:44:16+00:00\",\"dateModified\":\"2026-01-29T11:41:25+00:00\",\"breadcrumb\":{\"@id\":\"https:\/\/veterano.de\/en\/privacy-policy\/#breadcrumb\"},\"inLanguage\":\"en-US\",\"potentialAction\":[{\"@type\":\"ReadAction\",\"target\":[\"https:\/\/veterano.de\/en\/privacy-policy\/\"]}]},{\"@type\":\"BreadcrumbList\",\"@id\":\"https:\/\/veterano.de\/en\/privacy-policy\/#breadcrumb\",\"itemListElement\":[{\"@type\":\"ListItem\",\"position\":1,\"name\":\"Portada\",\"item\":\"https:\/\/veterano.de\/en\/\"},{\"@type\":\"ListItem\",\"position\":2,\"name\":\"Privacy Policy\"}]},{\"@type\":\"WebSite\",\"@id\":\"https:\/\/veterano.de\/en\/#website\",\"url\":\"https:\/\/veterano.de\/en\/\",\"name\":\"Veterano\",\"description\":\"\",\"potentialAction\":[{\"@type\":\"SearchAction\",\"target\":{\"@type\":\"EntryPoint\",\"urlTemplate\":\"https:\/\/veterano.de\/en\/?s={search_term_string}\"},\"query-input\":{\"@type\":\"PropertyValueSpecification\",\"valueRequired\":true,\"valueName\":\"search_term_string\"}}],\"inLanguage\":\"en-US\"}]}<\/script>\n<!-- \/ Yoast SEO plugin. -->","yoast_head_json":{"title":"Privacy Policy - Veterano","robots":{"index":"index","follow":"follow","max-snippet":"max-snippet:-1","max-image-preview":"max-image-preview:large","max-video-preview":"max-video-preview:-1"},"canonical":"https:\/\/veterano.de\/en\/privacy-policy\/","og_locale":"en_US","og_type":"article","og_title":"Privacy Policy - Veterano","og_description":"PRIVACY POLICY. DATA PROTECTION INFORMATION GRUPO OSBORNE S.A.U. Tax ID No.: A-11535564 Registered Address: C\/ Fern\u00e1n Caballero 7, 11500, El Puerto de Santa Mar\u00eda (C\u00e1diz), Spain Email address: rgpd@osborne.es GRUPO OSBORNE S.A.U. hereby informs users of its data protection policy in compliance with Regulation (EU) 2016\/679 (General Data Protection Regulation \u2013 GDPR) and Spanish Organic [...]Read More...","og_url":"https:\/\/veterano.de\/en\/privacy-policy\/","og_site_name":"Veterano","article_modified_time":"2026-01-29T11:41:25+00:00","twitter_card":"summary_large_image","twitter_misc":{"Est. reading time":"1 minute"},"schema":{"@context":"https:\/\/schema.org","@graph":[{"@type":"WebPage","@id":"https:\/\/veterano.de\/en\/privacy-policy\/","url":"https:\/\/veterano.de\/en\/privacy-policy\/","name":"Privacy Policy - Veterano","isPartOf":{"@id":"https:\/\/veterano.de\/en\/#website"},"datePublished":"2025-12-17T22:44:16+00:00","dateModified":"2026-01-29T11:41:25+00:00","breadcrumb":{"@id":"https:\/\/veterano.de\/en\/privacy-policy\/#breadcrumb"},"inLanguage":"en-US","potentialAction":[{"@type":"ReadAction","target":["https:\/\/veterano.de\/en\/privacy-policy\/"]}]},{"@type":"BreadcrumbList","@id":"https:\/\/veterano.de\/en\/privacy-policy\/#breadcrumb","itemListElement":[{"@type":"ListItem","position":1,"name":"Portada","item":"https:\/\/veterano.de\/en\/"},{"@type":"ListItem","position":2,"name":"Privacy Policy"}]},{"@type":"WebSite","@id":"https:\/\/veterano.de\/en\/#website","url":"https:\/\/veterano.de\/en\/","name":"Veterano","description":"","potentialAction":[{"@type":"SearchAction","target":{"@type":"EntryPoint","urlTemplate":"https:\/\/veterano.de\/en\/?s={search_term_string}"},"query-input":{"@type":"PropertyValueSpecification","valueRequired":true,"valueName":"search_term_string"}}],"inLanguage":"en-US"}]}},"_links":{"self":[{"href":"https:\/\/veterano.de\/en\/wp-json\/wp\/v2\/pages\/119","targetHints":{"allow":["GET"]}}],"collection":[{"href":"https:\/\/veterano.de\/en\/wp-json\/wp\/v2\/pages"}],"about":[{"href":"https:\/\/veterano.de\/en\/wp-json\/wp\/v2\/types\/page"}],"author":[{"embeddable":true,"href":"https:\/\/veterano.de\/en\/wp-json\/wp\/v2\/users\/1"}],"replies":[{"embeddable":true,"href":"https:\/\/veterano.de\/en\/wp-json\/wp\/v2\/comments?post=119"}],"version-history":[{"count":13,"href":"https:\/\/veterano.de\/en\/wp-json\/wp\/v2\/pages\/119\/revisions"}],"predecessor-version":[{"id":359,"href":"https:\/\/veterano.de\/en\/wp-json\/wp\/v2\/pages\/119\/revisions\/359"}],"wp:attachment":[{"href":"https:\/\/veterano.de\/en\/wp-json\/wp\/v2\/media?parent=119"}],"curies":[{"name":"wp","href":"https:\/\/api.w.org\/{rel}","templated":true}]}}