{"id":260,"date":"2026-01-27T16:08:39","date_gmt":"2026-01-27T15:08:39","guid":{"rendered":"https:\/\/veterano.de\/politica-informativa-contacto\/"},"modified":"2026-01-29T12:37:48","modified_gmt":"2026-01-29T11:37:48","slug":"contact-privacy-policy","status":"publish","type":"page","link":"https:\/\/veterano.de\/en\/contact-privacy-policy\/","title":{"rendered":"Contact Privacy Policy"},"content":{"rendered":"<h2>INFORMATION ON PERSONAL DATA PROTECTION RELATING TO CONTACT<\/h2>\n<h2>Data Controller<\/h2>\n<p><strong>Who is responsible for the processing of your data?<\/strong><\/p>\n<p>GRUPO OSBORNE S.A.U.<\/p>\n<p>Tax ID: A11535564<\/p>\n<p>Address: C\/ Fern\u00e1n Caballero 7, 11500 El Puerto de Santa Mar\u00eda (C\u00e1diz), Spain<\/p>\n<p>Email for requests regarding personal data: <a href=\"mailto:rgpd@osborne.es\">rgpd@osborne.es<\/a><\/p>\n<h2>Purpose<\/h2>\n<p><strong>Why do we process your data?<\/strong><\/p>\n<ul>\n<li>To attend, manage, and respond to inquiries and\/or complaints.<\/li>\n<li>To send newsletters and commercial information by physical and\/or electronic means.<\/li>\n<li>To conduct quality surveys.<\/li>\n<\/ul>\n<h2>Legal Basis<\/h2>\n<p><strong>What is the legal basis for processing your data?<\/strong><\/p>\n<p>Consent for managing inquiries: Article 6(1)(a) of the European General Data Protection Regulation (GDPR).<br \/>\nLegitimate interest for sending commercial information and conducting quality surveys in accordance with Article 6(1)(f) of the GDPR.<\/p>\n<h2>Recipients<\/h2>\n<p><strong>To whom do we disclose your data?<\/strong><\/p>\n<p>Personal data will only be disclosed if necessary to comply with legally established obligations.<\/p>\n<h2>International Transfers<\/h2>\n<p><strong>Under what circumstances are they made?<\/strong><\/p>\n<p>If the provision of services requires sharing data with service providers inside or outside the European Union who support the management of this processing, adequate guarantees of confidentiality and security in the processing of personal data are ensured.<\/p>\n<h2>Data Retention<\/h2>\n<p><strong>How long do we retain your data?<\/strong><\/p>\n<p>Personal data related to inquiries and contact management are retained for a period of one year from the date of the response provided by Osborne.<br \/>\nInformation relating to complaints is retained until the final resolution of the complaint process.<\/p>\n<p>Personal data related to the sending of commercial information, browsing tracking or analysis, and profiling are retained until the individual requests to object to the processing to which their request refers.<\/p>\n<h2>Rights<\/h2>\n<p><strong>What are your rights when you provide us with your data?<\/strong><\/p>\n<p>Data subjects have the right to obtain confirmation as to whether the organization is processing personal data concerning them, to access such data, and to request the rectification of inaccurate data or, where applicable, the erasure of personal data when, among other reasons, the data are no longer necessary for the purposes for which they were collected. Data subjects also have the right to request restriction of processing, object to processing, and withdraw consent.<br \/>\nData subjects may exercise their rights by sending an email to <a href=\"mailto:rgpd@osborne.es\">rgpd@osborne.es<\/a>.<\/p>\n<p>You may also submit a complaint to the Spanish Data Protection Agency (AEPD), particularly if you have not obtained satisfaction in the exercise of your rights, using the postal and\/or electronic contact details provided at <a href=\"http:\/\/www.aepd.es\">www.aepd.es<\/a>.<\/p>\n<h2>Security<\/h2>\n<p>Personal data will be processed confidentially and under appropriate technical and organizational security measures to prevent alteration, loss, unauthorized processing, or access.<\/p>\n","protected":false},"excerpt":{"rendered":"<p>INFORMATION ON PERSONAL DATA PROTECTION RELATING TO CONTACT Data Controller Who is responsible for the processing of your data? GRUPO OSBORNE S.A.U. Tax ID: A11535564 Address: C\/ Fern\u00e1n Caballero 7, 11500 El Puerto de Santa Mar\u00eda (C\u00e1diz), Spain Email for requests regarding personal data: rgpd@osborne.es Purpose Why do we process your data? To attend, manage, [&#8230;]<\/p>\n<p><a class=\"btn btn-secondary understrap-read-more-link\" href=\"https:\/\/veterano.de\/en\/contact-privacy-policy\/\">Read More&#8230;<\/a><\/p>\n","protected":false},"author":1,"featured_media":0,"parent":0,"menu_order":0,"comment_status":"closed","ping_status":"closed","template":"page-legal.php","meta":{"footnotes":""},"class_list":["post-260","page","type-page","status-publish","hentry"],"yoast_head":"<!-- This site is optimized with the Yoast SEO plugin v26.9 - https:\/\/yoast.com\/product\/yoast-seo-wordpress\/ -->\n<title>Contact Privacy Policy - Veterano<\/title>\n<meta name=\"robots\" content=\"index, follow, max-snippet:-1, max-image-preview:large, max-video-preview:-1\" \/>\n<link rel=\"canonical\" href=\"https:\/\/veterano.de\/en\/contact-privacy-policy\/\" \/>\n<meta property=\"og:locale\" content=\"en_US\" \/>\n<meta property=\"og:type\" content=\"article\" \/>\n<meta property=\"og:title\" content=\"Contact Privacy Policy - Veterano\" \/>\n<meta property=\"og:description\" content=\"INFORMATION ON PERSONAL DATA PROTECTION RELATING TO CONTACT Data Controller Who is responsible for the processing of your data? GRUPO OSBORNE S.A.U. Tax ID: A11535564 Address: C\/ Fern\u00e1n Caballero 7, 11500 El Puerto de Santa Mar\u00eda (C\u00e1diz), Spain Email for requests regarding personal data: rgpd@osborne.es Purpose Why do we process your data? To attend, manage, [...]Read More...\" \/>\n<meta property=\"og:url\" content=\"https:\/\/veterano.de\/en\/contact-privacy-policy\/\" \/>\n<meta property=\"og:site_name\" content=\"Veterano\" \/>\n<meta property=\"article:modified_time\" content=\"2026-01-29T11:37:48+00:00\" \/>\n<meta name=\"twitter:card\" content=\"summary_large_image\" \/>\n<meta name=\"twitter:label1\" content=\"Est. reading time\" \/>\n\t<meta name=\"twitter:data1\" content=\"2 minutes\" \/>\n<script type=\"application\/ld+json\" class=\"yoast-schema-graph\">{\"@context\":\"https:\/\/schema.org\",\"@graph\":[{\"@type\":\"WebPage\",\"@id\":\"https:\/\/veterano.de\/en\/contact-privacy-policy\/\",\"url\":\"https:\/\/veterano.de\/en\/contact-privacy-policy\/\",\"name\":\"Contact Privacy Policy - Veterano\",\"isPartOf\":{\"@id\":\"https:\/\/veterano.de\/en\/#website\"},\"datePublished\":\"2026-01-27T15:08:39+00:00\",\"dateModified\":\"2026-01-29T11:37:48+00:00\",\"breadcrumb\":{\"@id\":\"https:\/\/veterano.de\/en\/contact-privacy-policy\/#breadcrumb\"},\"inLanguage\":\"en-US\",\"potentialAction\":[{\"@type\":\"ReadAction\",\"target\":[\"https:\/\/veterano.de\/en\/contact-privacy-policy\/\"]}]},{\"@type\":\"BreadcrumbList\",\"@id\":\"https:\/\/veterano.de\/en\/contact-privacy-policy\/#breadcrumb\",\"itemListElement\":[{\"@type\":\"ListItem\",\"position\":1,\"name\":\"Portada\",\"item\":\"https:\/\/veterano.de\/en\/\"},{\"@type\":\"ListItem\",\"position\":2,\"name\":\"Contact Privacy Policy\"}]},{\"@type\":\"WebSite\",\"@id\":\"https:\/\/veterano.de\/en\/#website\",\"url\":\"https:\/\/veterano.de\/en\/\",\"name\":\"Veterano\",\"description\":\"\",\"potentialAction\":[{\"@type\":\"SearchAction\",\"target\":{\"@type\":\"EntryPoint\",\"urlTemplate\":\"https:\/\/veterano.de\/en\/?s={search_term_string}\"},\"query-input\":{\"@type\":\"PropertyValueSpecification\",\"valueRequired\":true,\"valueName\":\"search_term_string\"}}],\"inLanguage\":\"en-US\"}]}<\/script>\n<!-- \/ Yoast SEO plugin. -->","yoast_head_json":{"title":"Contact Privacy Policy - Veterano","robots":{"index":"index","follow":"follow","max-snippet":"max-snippet:-1","max-image-preview":"max-image-preview:large","max-video-preview":"max-video-preview:-1"},"canonical":"https:\/\/veterano.de\/en\/contact-privacy-policy\/","og_locale":"en_US","og_type":"article","og_title":"Contact Privacy Policy - Veterano","og_description":"INFORMATION ON PERSONAL DATA PROTECTION RELATING TO CONTACT Data Controller Who is responsible for the processing of your data? GRUPO OSBORNE S.A.U. Tax ID: A11535564 Address: C\/ Fern\u00e1n Caballero 7, 11500 El Puerto de Santa Mar\u00eda (C\u00e1diz), Spain Email for requests regarding personal data: rgpd@osborne.es Purpose Why do we process your data? To attend, manage, [...]Read More...","og_url":"https:\/\/veterano.de\/en\/contact-privacy-policy\/","og_site_name":"Veterano","article_modified_time":"2026-01-29T11:37:48+00:00","twitter_card":"summary_large_image","twitter_misc":{"Est. reading time":"2 minutes"},"schema":{"@context":"https:\/\/schema.org","@graph":[{"@type":"WebPage","@id":"https:\/\/veterano.de\/en\/contact-privacy-policy\/","url":"https:\/\/veterano.de\/en\/contact-privacy-policy\/","name":"Contact Privacy Policy - Veterano","isPartOf":{"@id":"https:\/\/veterano.de\/en\/#website"},"datePublished":"2026-01-27T15:08:39+00:00","dateModified":"2026-01-29T11:37:48+00:00","breadcrumb":{"@id":"https:\/\/veterano.de\/en\/contact-privacy-policy\/#breadcrumb"},"inLanguage":"en-US","potentialAction":[{"@type":"ReadAction","target":["https:\/\/veterano.de\/en\/contact-privacy-policy\/"]}]},{"@type":"BreadcrumbList","@id":"https:\/\/veterano.de\/en\/contact-privacy-policy\/#breadcrumb","itemListElement":[{"@type":"ListItem","position":1,"name":"Portada","item":"https:\/\/veterano.de\/en\/"},{"@type":"ListItem","position":2,"name":"Contact Privacy Policy"}]},{"@type":"WebSite","@id":"https:\/\/veterano.de\/en\/#website","url":"https:\/\/veterano.de\/en\/","name":"Veterano","description":"","potentialAction":[{"@type":"SearchAction","target":{"@type":"EntryPoint","urlTemplate":"https:\/\/veterano.de\/en\/?s={search_term_string}"},"query-input":{"@type":"PropertyValueSpecification","valueRequired":true,"valueName":"search_term_string"}}],"inLanguage":"en-US"}]}},"_links":{"self":[{"href":"https:\/\/veterano.de\/en\/wp-json\/wp\/v2\/pages\/260","targetHints":{"allow":["GET"]}}],"collection":[{"href":"https:\/\/veterano.de\/en\/wp-json\/wp\/v2\/pages"}],"about":[{"href":"https:\/\/veterano.de\/en\/wp-json\/wp\/v2\/types\/page"}],"author":[{"embeddable":true,"href":"https:\/\/veterano.de\/en\/wp-json\/wp\/v2\/users\/1"}],"replies":[{"embeddable":true,"href":"https:\/\/veterano.de\/en\/wp-json\/wp\/v2\/comments?post=260"}],"version-history":[{"count":6,"href":"https:\/\/veterano.de\/en\/wp-json\/wp\/v2\/pages\/260\/revisions"}],"predecessor-version":[{"id":353,"href":"https:\/\/veterano.de\/en\/wp-json\/wp\/v2\/pages\/260\/revisions\/353"}],"wp:attachment":[{"href":"https:\/\/veterano.de\/en\/wp-json\/wp\/v2\/media?parent=260"}],"curies":[{"name":"wp","href":"https:\/\/api.w.org\/{rel}","templated":true}]}}