{"id":112,"date":"2025-12-17T23:44:16","date_gmt":"2025-12-17T22:44:16","guid":{"rendered":"https:\/\/veterano.de\/?page_id=112"},"modified":"2026-02-11T10:13:49","modified_gmt":"2026-02-11T09:13:49","slug":"politica-privacidad","status":"publish","type":"page","link":"https:\/\/veterano.de\/es\/politica-privacidad\/","title":{"rendered":"Pol\u00edtica de privacidad"},"content":{"rendered":"<h2>POL\u00cdTICA DE PRIVACIDAD.<\/h2>\n<h2>INFORMACI\u00d3N EN MATERIA DE PROTECCI\u00d3N DE DATOS.<\/h2>\n<p>&nbsp;<\/p>\n<p>GRUPO OSBORNE S.A.U.<\/p>\n<p>NIF: A-11535564<\/p>\n<p>Direcci\u00f3n Postal: C\/ Fern\u00e1n Caballero 7, 11500, El Puerto de Santa Mar\u00eda (C\u00e1diz)<\/p>\n<p>Direcci\u00f3n electr\u00f3nica: <a href=\"mailto:rgpd@osborne.es\">rgpd@osborne.es<\/a><\/p>\n<p>GRUPO OSBORNE S.A.U. informa a de su pol\u00edtica de protecci\u00f3n de datos en cumplimiento del Reglamento Europeo 2016\/679 de Protecci\u00f3n de Datos y la Ley 3\/2018 de Protecci\u00f3n de Datos Personales y Garant\u00eda de los Derechos Digitales. Puede obtener informaci\u00f3n detallada acerca de la gesti\u00f3n de datos personales clicando sobre los siguientes contenidos.<\/p>\n<p>1. <a href=\"https:\/\/veterano.de\/es\/politica-informativa-contacto\/\">INFORMACI\u00d3N SOBRE PROTECCI\u00d3N DE DATOS PERSONALES RELATIVA A CONTACTO<\/a><br \/>\n2. <a href=\"https:\/\/veterano.de\/es\/politica-informativa-concursos\/\">INFORMACI\u00d3N SOBRE PROTECCI\u00d3N DE DATOS PERSONALES RELATIVA A CONCURSOS<\/a><br \/>\n3. INFORMACI\u00d3N SOBRE PROTECCI\u00d3N DE DATOS PERSONALES PARA EL EJERCICIO DE DERECHOS RELATIVOS AL TRATAMIENTO DE LOS DATOS PERSONALES<\/p>\n","protected":false},"excerpt":{"rendered":"<p>POL\u00cdTICA DE PRIVACIDAD. INFORMACI\u00d3N EN MATERIA DE PROTECCI\u00d3N DE DATOS. &nbsp; GRUPO OSBORNE S.A.U. NIF: A-11535564 Direcci\u00f3n Postal: C\/ Fern\u00e1n Caballero 7, 11500, El Puerto de Santa Mar\u00eda (C\u00e1diz) Direcci\u00f3n electr\u00f3nica: rgpd@osborne.es GRUPO OSBORNE S.A.U. informa a de su pol\u00edtica de protecci\u00f3n de datos en cumplimiento del Reglamento Europeo 2016\/679 de Protecci\u00f3n de Datos y [&#8230;]<\/p>\n<p><a class=\"btn btn-secondary understrap-read-more-link\" href=\"https:\/\/veterano.de\/es\/politica-privacidad\/\">Leer m\u00e1s&#8230;<\/a><\/p>\n","protected":false},"author":1,"featured_media":0,"parent":0,"menu_order":0,"comment_status":"closed","ping_status":"closed","template":"page-legal.php","meta":{"footnotes":""},"class_list":["post-112","page","type-page","status-publish","hentry"],"yoast_head":"<!-- This site is optimized with the Yoast SEO plugin v26.9 - https:\/\/yoast.com\/product\/yoast-seo-wordpress\/ -->\n<title>Pol\u00edtica de privacidad - Veterano<\/title>\n<meta name=\"robots\" content=\"index, follow, max-snippet:-1, max-image-preview:large, max-video-preview:-1\" \/>\n<link rel=\"canonical\" href=\"https:\/\/veterano.de\/es\/politica-privacidad\/\" \/>\n<meta property=\"og:locale\" content=\"es_ES\" \/>\n<meta property=\"og:type\" content=\"article\" \/>\n<meta property=\"og:title\" content=\"Pol\u00edtica de privacidad - Veterano\" \/>\n<meta property=\"og:description\" content=\"POL\u00cdTICA DE PRIVACIDAD. INFORMACI\u00d3N EN MATERIA DE PROTECCI\u00d3N DE DATOS. &nbsp; GRUPO OSBORNE S.A.U. NIF: A-11535564 Direcci\u00f3n Postal: C\/ Fern\u00e1n Caballero 7, 11500, El Puerto de Santa Mar\u00eda (C\u00e1diz) Direcci\u00f3n electr\u00f3nica: rgpd@osborne.es GRUPO OSBORNE S.A.U. informa a de su pol\u00edtica de protecci\u00f3n de datos en cumplimiento del Reglamento Europeo 2016\/679 de Protecci\u00f3n de Datos y [...]Leer m\u00e1s...\" \/>\n<meta property=\"og:url\" content=\"https:\/\/veterano.de\/es\/politica-privacidad\/\" \/>\n<meta property=\"og:site_name\" content=\"Veterano\" \/>\n<meta property=\"article:modified_time\" content=\"2026-02-11T09:13:49+00:00\" \/>\n<meta name=\"twitter:card\" content=\"summary_large_image\" \/>\n<meta name=\"twitter:label1\" content=\"Tiempo de lectura\" \/>\n\t<meta name=\"twitter:data1\" content=\"1 minuto\" \/>\n<script type=\"application\/ld+json\" class=\"yoast-schema-graph\">{\"@context\":\"https:\/\/schema.org\",\"@graph\":[{\"@type\":\"WebPage\",\"@id\":\"https:\/\/veterano.de\/es\/politica-privacidad\/\",\"url\":\"https:\/\/veterano.de\/es\/politica-privacidad\/\",\"name\":\"Pol\u00edtica de privacidad - Veterano\",\"isPartOf\":{\"@id\":\"https:\/\/veterano.de\/es\/#website\"},\"datePublished\":\"2025-12-17T22:44:16+00:00\",\"dateModified\":\"2026-02-11T09:13:49+00:00\",\"breadcrumb\":{\"@id\":\"https:\/\/veterano.de\/es\/politica-privacidad\/#breadcrumb\"},\"inLanguage\":\"es\",\"potentialAction\":[{\"@type\":\"ReadAction\",\"target\":[\"https:\/\/veterano.de\/es\/politica-privacidad\/\"]}]},{\"@type\":\"BreadcrumbList\",\"@id\":\"https:\/\/veterano.de\/es\/politica-privacidad\/#breadcrumb\",\"itemListElement\":[{\"@type\":\"ListItem\",\"position\":1,\"name\":\"Portada\",\"item\":\"https:\/\/veterano.de\/es\/\"},{\"@type\":\"ListItem\",\"position\":2,\"name\":\"Pol\u00edtica de privacidad\"}]},{\"@type\":\"WebSite\",\"@id\":\"https:\/\/veterano.de\/es\/#website\",\"url\":\"https:\/\/veterano.de\/es\/\",\"name\":\"Veterano\",\"description\":\"\",\"potentialAction\":[{\"@type\":\"SearchAction\",\"target\":{\"@type\":\"EntryPoint\",\"urlTemplate\":\"https:\/\/veterano.de\/es\/?s={search_term_string}\"},\"query-input\":{\"@type\":\"PropertyValueSpecification\",\"valueRequired\":true,\"valueName\":\"search_term_string\"}}],\"inLanguage\":\"es\"}]}<\/script>\n<!-- \/ Yoast SEO plugin. -->","yoast_head_json":{"title":"Pol\u00edtica de privacidad - Veterano","robots":{"index":"index","follow":"follow","max-snippet":"max-snippet:-1","max-image-preview":"max-image-preview:large","max-video-preview":"max-video-preview:-1"},"canonical":"https:\/\/veterano.de\/es\/politica-privacidad\/","og_locale":"es_ES","og_type":"article","og_title":"Pol\u00edtica de privacidad - Veterano","og_description":"POL\u00cdTICA DE PRIVACIDAD. INFORMACI\u00d3N EN MATERIA DE PROTECCI\u00d3N DE DATOS. &nbsp; GRUPO OSBORNE S.A.U. NIF: A-11535564 Direcci\u00f3n Postal: C\/ Fern\u00e1n Caballero 7, 11500, El Puerto de Santa Mar\u00eda (C\u00e1diz) Direcci\u00f3n electr\u00f3nica: rgpd@osborne.es GRUPO OSBORNE S.A.U. informa a de su pol\u00edtica de protecci\u00f3n de datos en cumplimiento del Reglamento Europeo 2016\/679 de Protecci\u00f3n de Datos y [...]Leer m\u00e1s...","og_url":"https:\/\/veterano.de\/es\/politica-privacidad\/","og_site_name":"Veterano","article_modified_time":"2026-02-11T09:13:49+00:00","twitter_card":"summary_large_image","twitter_misc":{"Tiempo de lectura":"1 minuto"},"schema":{"@context":"https:\/\/schema.org","@graph":[{"@type":"WebPage","@id":"https:\/\/veterano.de\/es\/politica-privacidad\/","url":"https:\/\/veterano.de\/es\/politica-privacidad\/","name":"Pol\u00edtica de privacidad - Veterano","isPartOf":{"@id":"https:\/\/veterano.de\/es\/#website"},"datePublished":"2025-12-17T22:44:16+00:00","dateModified":"2026-02-11T09:13:49+00:00","breadcrumb":{"@id":"https:\/\/veterano.de\/es\/politica-privacidad\/#breadcrumb"},"inLanguage":"es","potentialAction":[{"@type":"ReadAction","target":["https:\/\/veterano.de\/es\/politica-privacidad\/"]}]},{"@type":"BreadcrumbList","@id":"https:\/\/veterano.de\/es\/politica-privacidad\/#breadcrumb","itemListElement":[{"@type":"ListItem","position":1,"name":"Portada","item":"https:\/\/veterano.de\/es\/"},{"@type":"ListItem","position":2,"name":"Pol\u00edtica de privacidad"}]},{"@type":"WebSite","@id":"https:\/\/veterano.de\/es\/#website","url":"https:\/\/veterano.de\/es\/","name":"Veterano","description":"","potentialAction":[{"@type":"SearchAction","target":{"@type":"EntryPoint","urlTemplate":"https:\/\/veterano.de\/es\/?s={search_term_string}"},"query-input":{"@type":"PropertyValueSpecification","valueRequired":true,"valueName":"search_term_string"}}],"inLanguage":"es"}]}},"_links":{"self":[{"href":"https:\/\/veterano.de\/es\/wp-json\/wp\/v2\/pages\/112","targetHints":{"allow":["GET"]}}],"collection":[{"href":"https:\/\/veterano.de\/es\/wp-json\/wp\/v2\/pages"}],"about":[{"href":"https:\/\/veterano.de\/es\/wp-json\/wp\/v2\/types\/page"}],"author":[{"embeddable":true,"href":"https:\/\/veterano.de\/es\/wp-json\/wp\/v2\/users\/1"}],"replies":[{"embeddable":true,"href":"https:\/\/veterano.de\/es\/wp-json\/wp\/v2\/comments?post=112"}],"version-history":[{"count":14,"href":"https:\/\/veterano.de\/es\/wp-json\/wp\/v2\/pages\/112\/revisions"}],"predecessor-version":[{"id":369,"href":"https:\/\/veterano.de\/es\/wp-json\/wp\/v2\/pages\/112\/revisions\/369"}],"wp:attachment":[{"href":"https:\/\/veterano.de\/es\/wp-json\/wp\/v2\/media?parent=112"}],"curies":[{"name":"wp","href":"https:\/\/api.w.org\/{rel}","templated":true}]}}