{"id":215,"date":"2026-01-15T17:06:43","date_gmt":"2026-01-15T16:06:43","guid":{"rendered":"https:\/\/veterano.de\/cookie-richtlinie\/"},"modified":"2026-01-27T16:39:35","modified_gmt":"2026-01-27T15:39:35","slug":"politica-cookies","status":"publish","type":"page","link":"https:\/\/veterano.de\/es\/politica-cookies\/","title":{"rendered":"Pol\u00edtica de cookies"},"content":{"rendered":"<div class=\"container mt-5\">\n<div class=\"row row-space\">\n<div class=\"col-md-12\">\n<h3>\u00bfQu\u00e9 es una cookie?<\/h3>\n<p>Las cookies son esenciales para el funcionamiento de Internet; no pueden da\u00f1ar el equipo o dispositivo de la persona usuaria y, si se encuentran activadas en la configuraci\u00f3n del navegador, nos ayudan a identificar y resolver posibles errores de funcionamiento de esta web que las utiliza para su correcto funcionamiento y que permiten conocer la actividad realizada por las personas usuarias durante su navegaci\u00f3n.<\/p>\n<p>Ninguna de las cookies instaladas en esta website puede extraer informaci\u00f3n de un disco duro o robar informaci\u00f3n personal. OSBORNE, en cumplimiento de la vigente normativa legal, solicita su consentimiento para utilizar estas cookies. En caso de que no acepte su utilizaci\u00f3n, no haga clic en \u201caceptar\u201d del banner o configure el navegador web de tal forma que rechace la instalaci\u00f3n y\/o utilizaci\u00f3n de cookies en su equipo.<\/p>\n<h3>\u00bfQu\u00e9 tipos de cookies utilizamos y cu\u00e1les son sus finalidades?<\/h3>\n<div class=\"uc-embed-tracker\"><\/div>\n<h3>\u00bfC\u00f3mo cumple OSBORNE la normativa?<\/h3>\n<p>En cumplimiento de la Ley 34\/2002, de 11 de julio, de Servicios de la Sociedad de la Informaci\u00f3n y Comercio Electr\u00f3nico y el Reglamento 2016\/679 del Parlamento Europeo y del Consejo (RGPD), le facilitamos informaci\u00f3n sobre Cookies su tratamiento y el uso de las mismas en el sitio web de OSBORNE.<\/p>\n<p>La base legitimadora del tratamiento de sus datos personales por OSBORNE a los fines que se indican es su consentimiento, permitiendo a las personas usuarias de este sitio web administrar sus preferencias configurando dichas cookies.<\/p>\n<h3>\u00bfC\u00f3mo se deshabilitan las cookies?<\/h3>\n<p>Al acceder a nuestra p\u00e1gina web, la persona usuaria ver\u00e1 un aviso o banner informativo sobre las cookies en el que se le informar\u00e1 de la forma en la que puede prestar o rechazar su consentimiento para instalar las cookies y le llevar\u00e1 a un panel de configuraci\u00f3n para ello. Puede volver a configurarlas accediendo aqu\u00ed al <strong><a class=\"vp_configurar_cookies\" href=\"#\">PANEL DE CONFIGURACI\u00d3N <\/a><\/strong><\/p>\n<h3>\u00bfC\u00f3mo se gestionan sus datos personales a trav\u00e9s de las cookies?<\/h3>\n<p>La informaci\u00f3n generada por el uso de nuestro sitio web es gestionada por OSBORNE y por nuestras operadoras de servicios con las finalidades descritas en esta pol\u00edtica.<\/p>\n<p>La mayor\u00eda de las Cookies recopilan informaci\u00f3n an\u00f3nima, que no permite obtener la identidad de la persona usuaria del sitio web, si bien algunos de los c\u00f3digos que se incluyen sirven para singularizar o individualizar al navegador o aplicaci\u00f3n de su dispositivo utilizado, pudiendo ser de aplicaci\u00f3n la normativa en materia de protecci\u00f3n de datos personales. Por ello, le informamos de que la informaci\u00f3n que se obtiene por medio de las Cookies ser\u00e1 tratada con las finalidades indicadas en la presente Pol\u00edtica de Cookies.<\/p>\n<p>No obstante, teniendo en cuenta que estos c\u00f3digos no permiten la identificaci\u00f3n de la persona usuaria, no ser\u00e1n aplicables los derechos de acceso, rectificaci\u00f3n, supresi\u00f3n, oposici\u00f3n, limitaci\u00f3n y portabilidad reconocidos en la normativa de protecci\u00f3n de datos, salvo que la persona usuaria sea capaz de aportar informaci\u00f3n adicional que permita vincular su identidad con los c\u00f3digos identificativos de sus Cookies.<\/p>\n<p>En caso de considerar vulnerado su derecho a la protecci\u00f3n de datos, la persona usuaria podr\u00e1 contactar con la persona Delegada de Protecci\u00f3n de Datos en la direcci\u00f3n mail <a href=\"mailto:rgpd@osborne.es\">rgpd@osborne.es<\/a> . Asimismo, especialmente en el caso de no haber satisfecho su pretensi\u00f3n, podr\u00e1 dirigirse a la Agencia Espa\u00f1ola de Protecci\u00f3n de Datos en su p\u00e1gina web <a href=\"http:\/\/www.aepd.es\">www.aepd.es<\/a><\/p>\n<p>Por otro lado, le informamos que algunos de nuestras operadoras de servicios pueden estar ubicados fuera del Espacio Econ\u00f3mico Europeo, de modo tal que al consentir el uso de cookies autoriza la transferencia de sus datos personales a los efectos de realizaci\u00f3n del servicio facilitado por dichas operadoras.<\/p>\n<h3>Responsabilidad<\/h3>\n<p>OSBORNE no se hace responsable del contenido o veracidad de las pol\u00edticas de privacidad de terceras organizaciones que, en su caso, se mencionen en esta pol\u00edtica de cookies.<\/p>\n<p>Los navegadores web son las herramientas encargadas de almacenar las cookies y desde este lugar debe efectuar su derecho a eliminaci\u00f3n o desactivaci\u00f3n de las mismas. OSBORNE no puede garantizar la correcta o incorrecta manipulaci\u00f3n de las cookies por parte de los mencionados navegadores.<\/p>\n<p>En algunos casos es necesario instalar cookies para que el navegador no olvide su decisi\u00f3n de no aceptaci\u00f3n de \u00e9stas.<\/p>\n<h3>Actualizaci\u00f3n de nuestra pol\u00edtica de cookies<\/h3>\n<p>Este sitio web puede modificar esta pol\u00edtica sin previo aviso cuando se realicen cambios que puedan afectar al uso de cookies, por exigencias legislativas o reglamentarias, o con la finalidad de adaptar dicha pol\u00edtica a las instrucciones dictadas por la Agencia Espa\u00f1ola de Protecci\u00f3n de Datos. Por ello, le aconsejamos que la visite peri\u00f3dicamente.<\/p>\n<\/div>\n<\/div>\n<\/div>\n","protected":false},"excerpt":{"rendered":"<p>\u00bfQu\u00e9 es una cookie? Las cookies son esenciales para el funcionamiento de Internet; no pueden da\u00f1ar el equipo o dispositivo de la persona usuaria y, si se encuentran activadas en la configuraci\u00f3n del navegador, nos ayudan a identificar y resolver posibles errores de funcionamiento de esta web que las utiliza para su correcto funcionamiento y [&#8230;]<\/p>\n<p><a class=\"btn btn-secondary understrap-read-more-link\" href=\"https:\/\/veterano.de\/es\/politica-cookies\/\">Leer m\u00e1s&#8230;<\/a><\/p>\n","protected":false},"author":1,"featured_media":0,"parent":0,"menu_order":0,"comment_status":"closed","ping_status":"closed","template":"page-legal.php","meta":{"footnotes":""},"class_list":["post-215","page","type-page","status-publish","hentry"],"yoast_head":"<!-- This site is optimized with the Yoast SEO plugin v26.9 - https:\/\/yoast.com\/product\/yoast-seo-wordpress\/ -->\n<title>Pol\u00edtica de cookies - Veterano<\/title>\n<meta name=\"robots\" content=\"index, follow, max-snippet:-1, max-image-preview:large, max-video-preview:-1\" \/>\n<link rel=\"canonical\" href=\"https:\/\/veterano.de\/es\/politica-cookies\/\" \/>\n<meta property=\"og:locale\" content=\"es_ES\" \/>\n<meta property=\"og:type\" content=\"article\" \/>\n<meta property=\"og:title\" content=\"Pol\u00edtica de cookies - Veterano\" \/>\n<meta property=\"og:description\" content=\"\u00bfQu\u00e9 es una cookie? Las cookies son esenciales para el funcionamiento de Internet; no pueden da\u00f1ar el equipo o dispositivo de la persona usuaria y, si se encuentran activadas en la configuraci\u00f3n del navegador, nos ayudan a identificar y resolver posibles errores de funcionamiento de esta web que las utiliza para su correcto funcionamiento y [...]Leer m\u00e1s...\" \/>\n<meta property=\"og:url\" content=\"https:\/\/veterano.de\/es\/politica-cookies\/\" \/>\n<meta property=\"og:site_name\" content=\"Veterano\" \/>\n<meta property=\"article:modified_time\" content=\"2026-01-27T15:39:35+00:00\" \/>\n<meta name=\"twitter:card\" content=\"summary_large_image\" \/>\n<meta name=\"twitter:label1\" content=\"Tiempo de lectura\" \/>\n\t<meta name=\"twitter:data1\" content=\"4 minutos\" \/>\n<script type=\"application\/ld+json\" class=\"yoast-schema-graph\">{\"@context\":\"https:\/\/schema.org\",\"@graph\":[{\"@type\":\"WebPage\",\"@id\":\"https:\/\/veterano.de\/es\/politica-cookies\/\",\"url\":\"https:\/\/veterano.de\/es\/politica-cookies\/\",\"name\":\"Pol\u00edtica de cookies - Veterano\",\"isPartOf\":{\"@id\":\"https:\/\/veterano.de\/es\/#website\"},\"datePublished\":\"2026-01-15T16:06:43+00:00\",\"dateModified\":\"2026-01-27T15:39:35+00:00\",\"breadcrumb\":{\"@id\":\"https:\/\/veterano.de\/es\/politica-cookies\/#breadcrumb\"},\"inLanguage\":\"es\",\"potentialAction\":[{\"@type\":\"ReadAction\",\"target\":[\"https:\/\/veterano.de\/es\/politica-cookies\/\"]}]},{\"@type\":\"BreadcrumbList\",\"@id\":\"https:\/\/veterano.de\/es\/politica-cookies\/#breadcrumb\",\"itemListElement\":[{\"@type\":\"ListItem\",\"position\":1,\"name\":\"Portada\",\"item\":\"https:\/\/veterano.de\/es\/\"},{\"@type\":\"ListItem\",\"position\":2,\"name\":\"Pol\u00edtica de cookies\"}]},{\"@type\":\"WebSite\",\"@id\":\"https:\/\/veterano.de\/es\/#website\",\"url\":\"https:\/\/veterano.de\/es\/\",\"name\":\"Veterano\",\"description\":\"\",\"potentialAction\":[{\"@type\":\"SearchAction\",\"target\":{\"@type\":\"EntryPoint\",\"urlTemplate\":\"https:\/\/veterano.de\/es\/?s={search_term_string}\"},\"query-input\":{\"@type\":\"PropertyValueSpecification\",\"valueRequired\":true,\"valueName\":\"search_term_string\"}}],\"inLanguage\":\"es\"}]}<\/script>\n<!-- \/ Yoast SEO plugin. -->","yoast_head_json":{"title":"Pol\u00edtica de cookies - Veterano","robots":{"index":"index","follow":"follow","max-snippet":"max-snippet:-1","max-image-preview":"max-image-preview:large","max-video-preview":"max-video-preview:-1"},"canonical":"https:\/\/veterano.de\/es\/politica-cookies\/","og_locale":"es_ES","og_type":"article","og_title":"Pol\u00edtica de cookies - Veterano","og_description":"\u00bfQu\u00e9 es una cookie? Las cookies son esenciales para el funcionamiento de Internet; no pueden da\u00f1ar el equipo o dispositivo de la persona usuaria y, si se encuentran activadas en la configuraci\u00f3n del navegador, nos ayudan a identificar y resolver posibles errores de funcionamiento de esta web que las utiliza para su correcto funcionamiento y [...]Leer m\u00e1s...","og_url":"https:\/\/veterano.de\/es\/politica-cookies\/","og_site_name":"Veterano","article_modified_time":"2026-01-27T15:39:35+00:00","twitter_card":"summary_large_image","twitter_misc":{"Tiempo de lectura":"4 minutos"},"schema":{"@context":"https:\/\/schema.org","@graph":[{"@type":"WebPage","@id":"https:\/\/veterano.de\/es\/politica-cookies\/","url":"https:\/\/veterano.de\/es\/politica-cookies\/","name":"Pol\u00edtica de cookies - Veterano","isPartOf":{"@id":"https:\/\/veterano.de\/es\/#website"},"datePublished":"2026-01-15T16:06:43+00:00","dateModified":"2026-01-27T15:39:35+00:00","breadcrumb":{"@id":"https:\/\/veterano.de\/es\/politica-cookies\/#breadcrumb"},"inLanguage":"es","potentialAction":[{"@type":"ReadAction","target":["https:\/\/veterano.de\/es\/politica-cookies\/"]}]},{"@type":"BreadcrumbList","@id":"https:\/\/veterano.de\/es\/politica-cookies\/#breadcrumb","itemListElement":[{"@type":"ListItem","position":1,"name":"Portada","item":"https:\/\/veterano.de\/es\/"},{"@type":"ListItem","position":2,"name":"Pol\u00edtica de cookies"}]},{"@type":"WebSite","@id":"https:\/\/veterano.de\/es\/#website","url":"https:\/\/veterano.de\/es\/","name":"Veterano","description":"","potentialAction":[{"@type":"SearchAction","target":{"@type":"EntryPoint","urlTemplate":"https:\/\/veterano.de\/es\/?s={search_term_string}"},"query-input":{"@type":"PropertyValueSpecification","valueRequired":true,"valueName":"search_term_string"}}],"inLanguage":"es"}]}},"_links":{"self":[{"href":"https:\/\/veterano.de\/es\/wp-json\/wp\/v2\/pages\/215","targetHints":{"allow":["GET"]}}],"collection":[{"href":"https:\/\/veterano.de\/es\/wp-json\/wp\/v2\/pages"}],"about":[{"href":"https:\/\/veterano.de\/es\/wp-json\/wp\/v2\/types\/page"}],"author":[{"embeddable":true,"href":"https:\/\/veterano.de\/es\/wp-json\/wp\/v2\/users\/1"}],"replies":[{"embeddable":true,"href":"https:\/\/veterano.de\/es\/wp-json\/wp\/v2\/comments?post=215"}],"version-history":[{"count":1,"href":"https:\/\/veterano.de\/es\/wp-json\/wp\/v2\/pages\/215\/revisions"}],"predecessor-version":[{"id":217,"href":"https:\/\/veterano.de\/es\/wp-json\/wp\/v2\/pages\/215\/revisions\/217"}],"wp:attachment":[{"href":"https:\/\/veterano.de\/es\/wp-json\/wp\/v2\/media?parent=215"}],"curies":[{"name":"wp","href":"https:\/\/api.w.org\/{rel}","templated":true}]}}