{"id":233,"date":"2026-01-27T09:35:35","date_gmt":"2026-01-27T08:35:35","guid":{"rendered":"https:\/\/veterano.de\/?page_id=233"},"modified":"2026-01-29T12:25:52","modified_gmt":"2026-01-29T11:25:52","slug":"terminos-y-condiciones","status":"publish","type":"page","link":"https:\/\/veterano.de\/es\/terminos-y-condiciones\/","title":{"rendered":"T\u00e9rminos y condiciones"},"content":{"rendered":"<h2>1. INTRODUCCI\u00d3N<\/h2>\n<p>GRUPO OSBORNE, S.A.U. (en adelante, \u201cOSBORNE\u201d), sociedad de nacionalidad espa\u00f1ola, con CIF A-11535564 y domicilio social en calle Fern\u00e1n Caballero 7 11500 El Puerto de Santa Mar\u00eda, C\u00e1diz, inscrita en el Registro Mercantil de C\u00e1diz, Tomo 1528, folio 73, Hoja CA-21487, informa de las condiciones generales de uso de esta p\u00e1gina web (en adelante, los \u00abT\u00e9rminos y Condiciones de Uso\u00bb)<br \/>\nLe rogamos que lea atentamente los presentes T\u00e9rminos y Condiciones de Uso y nuestras pol\u00edticas de Privacidad y de Cookies (\u201cPol\u00edticas de Privacidad y Cookies\u201d) antes de usar esta p\u00e1gina web. Al utilizar esta p\u00e1gina web o hacer un pedido a trav\u00e9s de la misma usted consiente quedar vinculado por estos T\u00e9rminos y Condiciones de Uso y por nuestras Pol\u00edticas de Privacidad y Cookies, por lo que si no est\u00e1 usted de acuerdo con los T\u00e9rminos y Condiciones de Uso y con nuestras Pol\u00edticas de Privacidad y Cookies, no debe usar esta p\u00e1gina web.<br \/>\nSi tiene alguna pregunta relacionada con los T\u00e9rminos y Condiciones de Uso o las Pol\u00edticas de Privacidad y Cookies puede ponerse en contacto con nosotros a trav\u00e9s de nuestras v\u00edas de contacto.<\/p>\n<h2>2. CONDICIONES DE ACCESO Y USO<\/h2>\n<p>Al hacer uso de esta p\u00e1gina web usted asume la responsabilidad del uso del portal. Dicha responsabilidad se extiende al registro que fuese necesario para acceder a determinados servicios o contenidos; a tal efecto, en dicho registro la persona usuaria ser\u00e1 responsable de aportar informaci\u00f3n veraz y l\u00edcita. Como consecuencia de este registro, a la persona usuaria se le podr\u00e1 proporcionar una contrase\u00f1a de la que ser\u00e1 responsable, comprometi\u00e9ndose a hacer un uso diligente y confidencial de la misma.<br \/>\nOSBORNE no ser\u00e1 responsable de las opiniones vertidas por los usuarios a trav\u00e9s de los canales de participaci\u00f3n que, en su caso, se establezcan, reserv\u00e1ndose el derecho de retirar todos aquellos comentarios y aportaciones no resultaran adecuados para su publicaci\u00f3n conforme a las anteriores consideraciones.<\/p>\n<p>Nos reservamos el derecho de impedirle el acceso a nuestra p\u00e1gina web o de cancelar su cuenta si su comportamiento constituye un incumplimiento de los presentes T\u00e9rminos y Condiciones de Uso o de la normativa vigente.<br \/>\nOSBORNE ejercer\u00e1 las acciones que pudieran corresponderle en Derecho derivadas del incumplimiento de las presentes condiciones as\u00ed como cualquier utilizaci\u00f3n indebida de su p\u00e1gina web.<\/p>\n<p>OSBORNE no se hace responsable de los da\u00f1os y perjuicios de tipo inform\u00e1tico o de otro tipo que pudiera ocasionar a la persona usuaria visitante el acceso a los contenidos de este sitio, como por ejemplo a t\u00edtulo enunciativo: errores u omisiones en los contenidos, falta de disponibilidad del portal y continuidad del funcionamiento de la p\u00e1gina web y\/o sus servicios, o la transmisi\u00f3n de virus o programas maliciosos o lesivos en los contenidos, a pesar de haber adoptado todas las medidas tecnol\u00f3gicas necesarias para evitarlo. Sin perjuicio de ello, y cuando sea razonablemente posible, OSBORNE advertir\u00e1 previamente las interrupciones en el funcionamiento de nuestra p\u00e1gina web y de los servicios.<\/p>\n<p>OSBORNE no garantiza la ausencia de virus u otros elementos lesivos que pudieran causar da\u00f1os o alteraciones en el sistema inform\u00e1tico, en los documentos electr\u00f3nicos o en los ficheros de la persona usuaria de esta p\u00e1gina web. En consecuencia, nuestra organizaci\u00f3n no responde por los da\u00f1os y perjuicios que tales elementos pudieran ocasionar a la persona usuaria o a terceras personas.<br \/>\nOSBORNE no ser\u00e1 responsable, directa ni subsidiariamente de los enlaces, tales como links, banners o botones, que posibiliten, a trav\u00e9s de la p\u00e1gina web, acceder al usuario a p\u00e1ginas webs, prestaciones y\/o servicios ofrecidos por terceros que no pertenecen ni se encuentran bajo control de OSBORNE, y no ser\u00e1 responsable de la informaci\u00f3n contenida en los mismos ni de cualesquiera efectos que pudieran derivarse de dicha informaci\u00f3n.<\/p>\n<h2>3. PROTECCI\u00d3N DE DATOS DE CAR\u00c1CTER PERSONAL<\/h2>\n<p>La informaci\u00f3n y datos personales que el usuario facilite a OSBORNE ser\u00e1n tratados con arreglo a lo establecido en las Pol\u00edticas de Privacidad y Cookies. Al hacer uso de esta p\u00e1gina web usted consiente el tratamiento de dicha informaci\u00f3n y datos y declara que toda la informaci\u00f3n o datos que nos facilite son veraces y se corresponden con la realidad.<\/p>\n<h2>4. PROPIEDAD INTELECTUAL E INDUSTRIAL<\/h2>\n<p>OSBORNE es la sociedad titular de esta p\u00e1gina web. Asimismo, y excepto indicaci\u00f3n expresa en contrario, la titularidad de todos los derechos de propiedad intelectual e industrial de los contenidos de esta p\u00e1gina web corresponden OSBORNE, contenidos que incluyen, con car\u00e1cter enunciativo y no limitativo, bases de datos, marcas, r\u00f3tulos, logos, im\u00e1genes, dibujos, gr\u00e1ficos, textos, dibujos, fotograf\u00edas, signos distintivos, c\u00f3digo html, audio, v\u00eddeo, creaciones musicales, sonidos, imagen y software y, en general, todas las creaciones expresadas por cualquier medio o soporte, tangible o intangible, actualmente conocido o que se invente en el futuro, estando protegidos por las normas nacionales e internacionales de propiedad intelectual e industrial, entre otras.<\/p>\n<p>Por tanto, su contenido no podr\u00e1 ser objeto de manipulaci\u00f3n alguna (modificaci\u00f3n, copia, alteraci\u00f3n, reproducci\u00f3n, transmisi\u00f3n, adaptaci\u00f3n, traducci\u00f3n o cualquier otra manipulaci\u00f3n) por parte de la persona usuaria o de terceras personas, ya sea total o parcialmente, sin la expresa autorizaci\u00f3n por parte de OSBORNE.<\/p>\n<p>La prestaci\u00f3n de los servicios y publicaci\u00f3n de los contenidos a trav\u00e9s de la p\u00e1gina web no implicar\u00e1 en ning\u00fan caso la cesi\u00f3n, renuncia o transmisi\u00f3n, total o parcial, de la titularidad de los correspondientes derechos de propiedad intelectual e industrial.<br \/>\nNinguna parte de esta p\u00e1gina web puede ser reproducido, distribuido, transmitido, copiado, comunicado p\u00fablicamente, transformando, en todo o en parte mediante ning\u00fan sistema o m\u00e9todo manual, electr\u00f3nico o mec\u00e1nico (incluyendo el fotocopiado, grabaci\u00f3n o cualquier sistema de recuperaci\u00f3n y almacenamiento de informaci\u00f3n) a trav\u00e9s de cualquier soporte actualmente conocido o que se invente en el futuro.<br \/>\nOSBORNE no concede ninguna licencia o autorizaci\u00f3n de uso de ninguna clase sobre sus derechos de propiedad industrial e intelectual o sobre cualquier otra propiedad o derecho relacionado con la p\u00e1gina web.<\/p>\n<p>Si la actuaci\u00f3n u omisi\u00f3n culpable o negligente directa o indirectamente imputable al usuario de la p\u00e1gina web que origine la infracci\u00f3n de los derechos de propiedad intelectual e industrial de OSBORNE, exista o no beneficio para el mismo, originase a OSBORNE da\u00f1os, p\u00e9rdidas, obligaciones solidarias, gastos de cualquier naturaleza, sanciones, medidas coercitivas, multas y otras cantidades surgidas o derivadas de cualquier reclamaci\u00f3n, demanda, acci\u00f3n, pleito o procedimiento, sea civil, penal o administrativo, OSBORNE tendr\u00e1 derecho a dirigirse contra el usuario por todos los medios legales a su alcance y reclamar cualesquiera cantidades indemnizatorias, incluyendo, a t\u00edtulo enunciativo y no limitativo, da\u00f1os morales e imagen, da\u00f1o emergente y lucro cesante, costes publicitarios o de cualquier otra \u00edndole que pudieran resultar para su reparaci\u00f3n, importes de sanciones o sentencias condenatorias, el de los intereses de demora, el coste de la financiaci\u00f3n de ambas cantidades que pudiera resultar para la parte contraria, las costas judiciales y el importe de la defensa en cualquier proceso en el que pudiera resultar demandada por las causas anteriormente expuestas, por los da\u00f1os y perjuicios ocasionados por raz\u00f3n de su actuaci\u00f3n u omisi\u00f3n, sin perjuicio de ejercer cualesquiera otras acciones que en derecho le corresponda.<\/p>\n<h2>5. ACUERDO COMPLETO Y NULIDAD PARCIAL<\/h2>\n<p>Los presentes T\u00e9rminos y Condiciones de Uso y todo documento a que se haga referencia expresa en los mismos constituyen el acuerdo \u00edntegro existente entre usted y OSBORNE en relaci\u00f3n con el objeto de las mismas y sustituyen a cualquier otro pacto, acuerdo o promesa anterior convenida verbalmente o por escrito.<\/p>\n<p>En el caso de que cualquier disposici\u00f3n de estos T\u00e9rminos y Condiciones de Uso fuera declarada nula o inaplicable, en todo o en parte, por cualquier Juzgado, Tribunal u \u00f3rgano administrativo competente, dicha nulidad o inaplicaci\u00f3n no afectar\u00e1 a las restantes disposiciones. En ese caso, la cl\u00e1usula o cl\u00e1usulas afectadas ser\u00e1n sustituidas por otra u otras que tengan los efectos m\u00e1s semejantes a los de las sustituidas.<\/p>\n<h2>6. LEY APLICABLE Y JURISDICCI\u00d3N<\/h2>\n<p>Los presentes T\u00e9rminos y Condiciones de Uso se regir\u00e1n en todos y cada uno de sus extremos por la ley espa\u00f1ola.<br \/>\nSin perjuicio de los derechos que pudieran asistirle en su condici\u00f3n de consumidor o usuario, toda controversia derivada de cuestiones referentes a la p\u00e1gina web, se someter\u00e1n, con renuncia expresa a cualquier otro fuero que pudiera corresponderle, a la jurisdicci\u00f3n y competencia exclusiva de los Jueces y Tribunales de El Puerto de Santa Mar\u00eda (C\u00e1diz).<\/p>\n<p>El Usuario podr\u00e1 acceder a la plataforma de resoluci\u00f3n de litigios en l\u00ednea de la Uni\u00f3n Europea siguiendo este <a href=\"https:\/\/consumer-redress.ec.europa.eu\">enlace<\/a>.<\/p>\n","protected":false},"excerpt":{"rendered":"<p>1. INTRODUCCI\u00d3N GRUPO OSBORNE, S.A.U. (en adelante, \u201cOSBORNE\u201d), sociedad de nacionalidad espa\u00f1ola, con CIF A-11535564 y domicilio social en calle Fern\u00e1n Caballero 7 11500 El Puerto de Santa Mar\u00eda, C\u00e1diz, inscrita en el Registro Mercantil de C\u00e1diz, Tomo 1528, folio 73, Hoja CA-21487, informa de las condiciones generales de uso de esta p\u00e1gina web (en [&#8230;]<\/p>\n<p><a class=\"btn btn-secondary understrap-read-more-link\" href=\"https:\/\/veterano.de\/es\/terminos-y-condiciones\/\">Leer m\u00e1s&#8230;<\/a><\/p>\n","protected":false},"author":1,"featured_media":0,"parent":0,"menu_order":0,"comment_status":"closed","ping_status":"closed","template":"page-legal.php","meta":{"footnotes":""},"class_list":["post-233","page","type-page","status-publish","hentry"],"yoast_head":"<!-- This site is optimized with the Yoast SEO plugin v26.9 - https:\/\/yoast.com\/product\/yoast-seo-wordpress\/ -->\n<title>T\u00e9rminos y condiciones - Veterano<\/title>\n<meta name=\"robots\" content=\"index, follow, max-snippet:-1, max-image-preview:large, max-video-preview:-1\" \/>\n<link rel=\"canonical\" href=\"https:\/\/veterano.de\/es\/terminos-y-condiciones\/\" \/>\n<meta property=\"og:locale\" content=\"es_ES\" \/>\n<meta property=\"og:type\" content=\"article\" \/>\n<meta property=\"og:title\" content=\"T\u00e9rminos y condiciones - Veterano\" \/>\n<meta property=\"og:description\" content=\"1. INTRODUCCI\u00d3N GRUPO OSBORNE, S.A.U. (en adelante, \u201cOSBORNE\u201d), sociedad de nacionalidad espa\u00f1ola, con CIF A-11535564 y domicilio social en calle Fern\u00e1n Caballero 7 11500 El Puerto de Santa Mar\u00eda, C\u00e1diz, inscrita en el Registro Mercantil de C\u00e1diz, Tomo 1528, folio 73, Hoja CA-21487, informa de las condiciones generales de uso de esta p\u00e1gina web (en [...]Leer m\u00e1s...\" \/>\n<meta property=\"og:url\" content=\"https:\/\/veterano.de\/es\/terminos-y-condiciones\/\" \/>\n<meta property=\"og:site_name\" content=\"Veterano\" \/>\n<meta property=\"article:modified_time\" content=\"2026-01-29T11:25:52+00:00\" \/>\n<meta name=\"twitter:card\" content=\"summary_large_image\" \/>\n<meta name=\"twitter:label1\" content=\"Tiempo de lectura\" \/>\n\t<meta name=\"twitter:data1\" content=\"7 minutos\" \/>\n<script type=\"application\/ld+json\" class=\"yoast-schema-graph\">{\"@context\":\"https:\/\/schema.org\",\"@graph\":[{\"@type\":\"WebPage\",\"@id\":\"https:\/\/veterano.de\/es\/terminos-y-condiciones\/\",\"url\":\"https:\/\/veterano.de\/es\/terminos-y-condiciones\/\",\"name\":\"T\u00e9rminos y condiciones - Veterano\",\"isPartOf\":{\"@id\":\"https:\/\/veterano.de\/es\/#website\"},\"datePublished\":\"2026-01-27T08:35:35+00:00\",\"dateModified\":\"2026-01-29T11:25:52+00:00\",\"breadcrumb\":{\"@id\":\"https:\/\/veterano.de\/es\/terminos-y-condiciones\/#breadcrumb\"},\"inLanguage\":\"es\",\"potentialAction\":[{\"@type\":\"ReadAction\",\"target\":[\"https:\/\/veterano.de\/es\/terminos-y-condiciones\/\"]}]},{\"@type\":\"BreadcrumbList\",\"@id\":\"https:\/\/veterano.de\/es\/terminos-y-condiciones\/#breadcrumb\",\"itemListElement\":[{\"@type\":\"ListItem\",\"position\":1,\"name\":\"Portada\",\"item\":\"https:\/\/veterano.de\/es\/\"},{\"@type\":\"ListItem\",\"position\":2,\"name\":\"T\u00e9rminos y condiciones\"}]},{\"@type\":\"WebSite\",\"@id\":\"https:\/\/veterano.de\/es\/#website\",\"url\":\"https:\/\/veterano.de\/es\/\",\"name\":\"Veterano\",\"description\":\"\",\"potentialAction\":[{\"@type\":\"SearchAction\",\"target\":{\"@type\":\"EntryPoint\",\"urlTemplate\":\"https:\/\/veterano.de\/es\/?s={search_term_string}\"},\"query-input\":{\"@type\":\"PropertyValueSpecification\",\"valueRequired\":true,\"valueName\":\"search_term_string\"}}],\"inLanguage\":\"es\"}]}<\/script>\n<!-- \/ Yoast SEO plugin. -->","yoast_head_json":{"title":"T\u00e9rminos y condiciones - Veterano","robots":{"index":"index","follow":"follow","max-snippet":"max-snippet:-1","max-image-preview":"max-image-preview:large","max-video-preview":"max-video-preview:-1"},"canonical":"https:\/\/veterano.de\/es\/terminos-y-condiciones\/","og_locale":"es_ES","og_type":"article","og_title":"T\u00e9rminos y condiciones - Veterano","og_description":"1. INTRODUCCI\u00d3N GRUPO OSBORNE, S.A.U. (en adelante, \u201cOSBORNE\u201d), sociedad de nacionalidad espa\u00f1ola, con CIF A-11535564 y domicilio social en calle Fern\u00e1n Caballero 7 11500 El Puerto de Santa Mar\u00eda, C\u00e1diz, inscrita en el Registro Mercantil de C\u00e1diz, Tomo 1528, folio 73, Hoja CA-21487, informa de las condiciones generales de uso de esta p\u00e1gina web (en [...]Leer m\u00e1s...","og_url":"https:\/\/veterano.de\/es\/terminos-y-condiciones\/","og_site_name":"Veterano","article_modified_time":"2026-01-29T11:25:52+00:00","twitter_card":"summary_large_image","twitter_misc":{"Tiempo de lectura":"7 minutos"},"schema":{"@context":"https:\/\/schema.org","@graph":[{"@type":"WebPage","@id":"https:\/\/veterano.de\/es\/terminos-y-condiciones\/","url":"https:\/\/veterano.de\/es\/terminos-y-condiciones\/","name":"T\u00e9rminos y condiciones - Veterano","isPartOf":{"@id":"https:\/\/veterano.de\/es\/#website"},"datePublished":"2026-01-27T08:35:35+00:00","dateModified":"2026-01-29T11:25:52+00:00","breadcrumb":{"@id":"https:\/\/veterano.de\/es\/terminos-y-condiciones\/#breadcrumb"},"inLanguage":"es","potentialAction":[{"@type":"ReadAction","target":["https:\/\/veterano.de\/es\/terminos-y-condiciones\/"]}]},{"@type":"BreadcrumbList","@id":"https:\/\/veterano.de\/es\/terminos-y-condiciones\/#breadcrumb","itemListElement":[{"@type":"ListItem","position":1,"name":"Portada","item":"https:\/\/veterano.de\/es\/"},{"@type":"ListItem","position":2,"name":"T\u00e9rminos y condiciones"}]},{"@type":"WebSite","@id":"https:\/\/veterano.de\/es\/#website","url":"https:\/\/veterano.de\/es\/","name":"Veterano","description":"","potentialAction":[{"@type":"SearchAction","target":{"@type":"EntryPoint","urlTemplate":"https:\/\/veterano.de\/es\/?s={search_term_string}"},"query-input":{"@type":"PropertyValueSpecification","valueRequired":true,"valueName":"search_term_string"}}],"inLanguage":"es"}]}},"_links":{"self":[{"href":"https:\/\/veterano.de\/es\/wp-json\/wp\/v2\/pages\/233","targetHints":{"allow":["GET"]}}],"collection":[{"href":"https:\/\/veterano.de\/es\/wp-json\/wp\/v2\/pages"}],"about":[{"href":"https:\/\/veterano.de\/es\/wp-json\/wp\/v2\/types\/page"}],"author":[{"embeddable":true,"href":"https:\/\/veterano.de\/es\/wp-json\/wp\/v2\/users\/1"}],"replies":[{"embeddable":true,"href":"https:\/\/veterano.de\/es\/wp-json\/wp\/v2\/comments?post=233"}],"version-history":[{"count":3,"href":"https:\/\/veterano.de\/es\/wp-json\/wp\/v2\/pages\/233\/revisions"}],"predecessor-version":[{"id":345,"href":"https:\/\/veterano.de\/es\/wp-json\/wp\/v2\/pages\/233\/revisions\/345"}],"wp:attachment":[{"href":"https:\/\/veterano.de\/es\/wp-json\/wp\/v2\/media?parent=233"}],"curies":[{"name":"wp","href":"https:\/\/api.w.org\/{rel}","templated":true}]}}