{"id":273,"date":"2026-01-27T16:20:31","date_gmt":"2026-01-27T15:20:31","guid":{"rendered":"https:\/\/veterano.de\/?page_id=273"},"modified":"2026-01-27T16:40:28","modified_gmt":"2026-01-27T15:40:28","slug":"politica-informativa-concursos","status":"publish","type":"page","link":"https:\/\/veterano.de\/es\/politica-informativa-concursos\/","title":{"rendered":"Pol\u00edtica informativa concursos"},"content":{"rendered":"<h2>INFORMACI\u00d3N SOBRE PROTECCI\u00d3N DE DATOS PERSONALES RELATIVA A CONCURSOS<\/h2>\n<p>&nbsp;<\/p>\n<h2>Responsable<\/h2>\n<p><strong>\u00bfQui\u00e9n es el Responsable del tratamiento de sus datos?<\/strong><\/p>\n<p>GRUPO OSBORNE S.A.U.<\/p>\n<p>C.I.F.: A11535564<\/p>\n<p>Direcci\u00f3n: C\/ Fern\u00e1n Caballero 7, 11500 El Puerto de Santa Mar\u00eda (C\u00e1diz)<\/p>\n<p>Mail para atenci\u00f3n de solicitudes en materia de datos personales: <a href=\"mailto:rgpd@osborne.es\">rgpd@osborne.es<\/a><\/p>\n<h2>Finalidad<\/h2>\n<p><strong>\u00bfPara qu\u00e9 tratamos sus datos?<\/strong><\/p>\n<p>\u2013 Gesti\u00f3n de la participaci\u00f3n de personas interesadas en concursos y sorteos organizados por Osborne a trav\u00e9s de redes sociales.<br \/>\n\u2013 Env\u00edo de newsletter e informaci\u00f3n comercial<br \/>\n\u2013 Realizaci\u00f3n de encuestas de calidad<\/p>\n<h2>Legitimaci\u00f3n<\/h2>\n<p><strong>\u00bfCu\u00e1l es la legitimaci\u00f3n para el tratamiento de sus datos?<\/strong><\/p>\n<p>\u2013 Consentimiento: art\u00edculo 6.1.a) del Reglamento General Europeo de Protecci\u00f3n de Datos.<br \/>\n\u2013 Inter\u00e9s leg\u00edtimo para el env\u00edo de newsletter e informaci\u00f3n comercial y realizaci\u00f3n de encuestas de calidad: art\u00edculo 6.1.f) del Reglamento General Europeo de Protecci\u00f3n de Datos.<\/p>\n<h2>Destinatarios<\/h2>\n<p><strong>\u00bfA qui\u00e9n comunicamos sus datos?<\/strong><\/p>\n<p>Los datos personales s\u00f3lo ser\u00e1n comunicados en el caso de ser necesario para el cumplimiento de obligaciones legalmente establecidas.<\/p>\n<h2>\nTransferencias internacionales<\/h2>\n<p><strong>\u00bfEn qu\u00e9 supuestos se realizan?<\/strong><\/p>\n<p>En el caso de que la prestaci\u00f3n de servicios requiera compartir datos con prestadores de servicios dentro y fuera de la Uni\u00f3n Europa que dan soporte a la gesti\u00f3n de este tratamiento, se garantiza el cumplimiento de las garant\u00edas adecuadas de confidencialidad y seguridad en el tratamiento de los datos.<\/p>\n<h2>Conservaci\u00f3n<\/h2>\n<p><strong>\u00bfDurante cu\u00e1nto tiempo conservamos sus datos?<\/strong><\/p>\n<p>Los datos personales relativos a la participaci\u00f3n en el concurso se conservan hasta la finalizaci\u00f3n del proceso con la entrega del premio.<br \/>\nLos datos personales relativos al env\u00edo de informaci\u00f3n comercial, a la fidelizaci\u00f3n y a la determinaci\u00f3n de preferencias o perfiles se conservan hasta que la persona solicite su oposici\u00f3n al tratamiento o, en su caso, retire su consentimiento.<\/p>\n<h2>Derechos<\/h2>\n<p><strong>\u00bfCu\u00e1les son sus derechos cuando nos facilita sus datos?<\/strong><\/p>\n<p>Las personas interesadas tienen derecho a obtener confirmaci\u00f3n sobre si la organizaci\u00f3n est\u00e1 tratando datos personales que le conciernan, a acceder a los mismos, as\u00ed como a solicitar la rectificaci\u00f3n de los datos inexactos o, en su caso, solicitar su supresi\u00f3n cuando, entre otros motivos, los datos ya no sean necesarios para los fines que fueron recogidos, a solicitar la limitaci\u00f3n del tratamiento de sus datos, a oponerse al mismo y a solicitar la revocaci\u00f3n del consentimiento.<\/p>\n<p>La persona interesada puede ejercitar sus derechos dirigiendo un correo electr\u00f3nico a la direcci\u00f3n <a href=\"mailto:rgpd@osborne.es\">rgpd@osborne.es<\/a><br \/>\nPuede presentar una reclamaci\u00f3n ante la Agencia Espa\u00f1ola de Protecci\u00f3n de Datos, especialmente cuando no haya obtenido satisfacci\u00f3n en el ejercicio de sus derechos, en la direcci\u00f3n postal y\/o electr\u00f3nica indicada en la p\u00e1gina <a href=\"http:\/\/www.aepd.es\">www.aepd.es<\/a><\/p>\n<h2>Seguridad<\/h2>\n<p>Los datos ser\u00e1n tratados de forma confidencial y bajo el sometimiento a medidas t\u00e9cnicas y organizativas de seguridad adecuadas para evitar su alteraci\u00f3n, p\u00e9rdida, tratamiento o acceso no autorizado.<\/p>\n","protected":false},"excerpt":{"rendered":"<p>INFORMACI\u00d3N SOBRE PROTECCI\u00d3N DE DATOS PERSONALES RELATIVA A CONCURSOS &nbsp; Responsable \u00bfQui\u00e9n es el Responsable del tratamiento de sus datos? GRUPO OSBORNE S.A.U. C.I.F.: A11535564 Direcci\u00f3n: C\/ Fern\u00e1n Caballero 7, 11500 El Puerto de Santa Mar\u00eda (C\u00e1diz) Mail para atenci\u00f3n de solicitudes en materia de datos personales: rgpd@osborne.es Finalidad \u00bfPara qu\u00e9 tratamos sus datos? \u2013 [&#8230;]<\/p>\n<p><a class=\"btn btn-secondary understrap-read-more-link\" href=\"https:\/\/veterano.de\/es\/politica-informativa-concursos\/\">Leer m\u00e1s&#8230;<\/a><\/p>\n","protected":false},"author":1,"featured_media":0,"parent":0,"menu_order":0,"comment_status":"closed","ping_status":"closed","template":"page-legal.php","meta":{"footnotes":""},"class_list":["post-273","page","type-page","status-publish","hentry"],"yoast_head":"<!-- This site is optimized with the Yoast SEO plugin v26.9 - https:\/\/yoast.com\/product\/yoast-seo-wordpress\/ -->\n<title>Pol\u00edtica informativa concursos - Veterano<\/title>\n<meta name=\"robots\" content=\"index, follow, max-snippet:-1, max-image-preview:large, max-video-preview:-1\" \/>\n<link rel=\"canonical\" href=\"https:\/\/veterano.de\/es\/politica-informativa-concursos\/\" \/>\n<meta property=\"og:locale\" content=\"es_ES\" \/>\n<meta property=\"og:type\" content=\"article\" \/>\n<meta property=\"og:title\" content=\"Pol\u00edtica informativa concursos - Veterano\" \/>\n<meta property=\"og:description\" content=\"INFORMACI\u00d3N SOBRE PROTECCI\u00d3N DE DATOS PERSONALES RELATIVA A CONCURSOS &nbsp; Responsable \u00bfQui\u00e9n es el Responsable del tratamiento de sus datos? GRUPO OSBORNE S.A.U. C.I.F.: A11535564 Direcci\u00f3n: C\/ Fern\u00e1n Caballero 7, 11500 El Puerto de Santa Mar\u00eda (C\u00e1diz) Mail para atenci\u00f3n de solicitudes en materia de datos personales: rgpd@osborne.es Finalidad \u00bfPara qu\u00e9 tratamos sus datos? \u2013 [...]Leer m\u00e1s...\" \/>\n<meta property=\"og:url\" content=\"https:\/\/veterano.de\/es\/politica-informativa-concursos\/\" \/>\n<meta property=\"og:site_name\" content=\"Veterano\" \/>\n<meta property=\"article:modified_time\" content=\"2026-01-27T15:40:28+00:00\" \/>\n<meta name=\"twitter:card\" content=\"summary_large_image\" \/>\n<meta name=\"twitter:label1\" content=\"Tiempo de lectura\" \/>\n\t<meta name=\"twitter:data1\" content=\"3 minutos\" \/>\n<script type=\"application\/ld+json\" class=\"yoast-schema-graph\">{\"@context\":\"https:\/\/schema.org\",\"@graph\":[{\"@type\":\"WebPage\",\"@id\":\"https:\/\/veterano.de\/es\/politica-informativa-concursos\/\",\"url\":\"https:\/\/veterano.de\/es\/politica-informativa-concursos\/\",\"name\":\"Pol\u00edtica informativa concursos - Veterano\",\"isPartOf\":{\"@id\":\"https:\/\/veterano.de\/es\/#website\"},\"datePublished\":\"2026-01-27T15:20:31+00:00\",\"dateModified\":\"2026-01-27T15:40:28+00:00\",\"breadcrumb\":{\"@id\":\"https:\/\/veterano.de\/es\/politica-informativa-concursos\/#breadcrumb\"},\"inLanguage\":\"es\",\"potentialAction\":[{\"@type\":\"ReadAction\",\"target\":[\"https:\/\/veterano.de\/es\/politica-informativa-concursos\/\"]}]},{\"@type\":\"BreadcrumbList\",\"@id\":\"https:\/\/veterano.de\/es\/politica-informativa-concursos\/#breadcrumb\",\"itemListElement\":[{\"@type\":\"ListItem\",\"position\":1,\"name\":\"Portada\",\"item\":\"https:\/\/veterano.de\/es\/\"},{\"@type\":\"ListItem\",\"position\":2,\"name\":\"Pol\u00edtica informativa concursos\"}]},{\"@type\":\"WebSite\",\"@id\":\"https:\/\/veterano.de\/es\/#website\",\"url\":\"https:\/\/veterano.de\/es\/\",\"name\":\"Veterano\",\"description\":\"\",\"potentialAction\":[{\"@type\":\"SearchAction\",\"target\":{\"@type\":\"EntryPoint\",\"urlTemplate\":\"https:\/\/veterano.de\/es\/?s={search_term_string}\"},\"query-input\":{\"@type\":\"PropertyValueSpecification\",\"valueRequired\":true,\"valueName\":\"search_term_string\"}}],\"inLanguage\":\"es\"}]}<\/script>\n<!-- \/ Yoast SEO plugin. -->","yoast_head_json":{"title":"Pol\u00edtica informativa concursos - Veterano","robots":{"index":"index","follow":"follow","max-snippet":"max-snippet:-1","max-image-preview":"max-image-preview:large","max-video-preview":"max-video-preview:-1"},"canonical":"https:\/\/veterano.de\/es\/politica-informativa-concursos\/","og_locale":"es_ES","og_type":"article","og_title":"Pol\u00edtica informativa concursos - Veterano","og_description":"INFORMACI\u00d3N SOBRE PROTECCI\u00d3N DE DATOS PERSONALES RELATIVA A CONCURSOS &nbsp; Responsable \u00bfQui\u00e9n es el Responsable del tratamiento de sus datos? GRUPO OSBORNE S.A.U. C.I.F.: A11535564 Direcci\u00f3n: C\/ Fern\u00e1n Caballero 7, 11500 El Puerto de Santa Mar\u00eda (C\u00e1diz) Mail para atenci\u00f3n de solicitudes en materia de datos personales: rgpd@osborne.es Finalidad \u00bfPara qu\u00e9 tratamos sus datos? \u2013 [...]Leer m\u00e1s...","og_url":"https:\/\/veterano.de\/es\/politica-informativa-concursos\/","og_site_name":"Veterano","article_modified_time":"2026-01-27T15:40:28+00:00","twitter_card":"summary_large_image","twitter_misc":{"Tiempo de lectura":"3 minutos"},"schema":{"@context":"https:\/\/schema.org","@graph":[{"@type":"WebPage","@id":"https:\/\/veterano.de\/es\/politica-informativa-concursos\/","url":"https:\/\/veterano.de\/es\/politica-informativa-concursos\/","name":"Pol\u00edtica informativa concursos - Veterano","isPartOf":{"@id":"https:\/\/veterano.de\/es\/#website"},"datePublished":"2026-01-27T15:20:31+00:00","dateModified":"2026-01-27T15:40:28+00:00","breadcrumb":{"@id":"https:\/\/veterano.de\/es\/politica-informativa-concursos\/#breadcrumb"},"inLanguage":"es","potentialAction":[{"@type":"ReadAction","target":["https:\/\/veterano.de\/es\/politica-informativa-concursos\/"]}]},{"@type":"BreadcrumbList","@id":"https:\/\/veterano.de\/es\/politica-informativa-concursos\/#breadcrumb","itemListElement":[{"@type":"ListItem","position":1,"name":"Portada","item":"https:\/\/veterano.de\/es\/"},{"@type":"ListItem","position":2,"name":"Pol\u00edtica informativa concursos"}]},{"@type":"WebSite","@id":"https:\/\/veterano.de\/es\/#website","url":"https:\/\/veterano.de\/es\/","name":"Veterano","description":"","potentialAction":[{"@type":"SearchAction","target":{"@type":"EntryPoint","urlTemplate":"https:\/\/veterano.de\/es\/?s={search_term_string}"},"query-input":{"@type":"PropertyValueSpecification","valueRequired":true,"valueName":"search_term_string"}}],"inLanguage":"es"}]}},"_links":{"self":[{"href":"https:\/\/veterano.de\/es\/wp-json\/wp\/v2\/pages\/273","targetHints":{"allow":["GET"]}}],"collection":[{"href":"https:\/\/veterano.de\/es\/wp-json\/wp\/v2\/pages"}],"about":[{"href":"https:\/\/veterano.de\/es\/wp-json\/wp\/v2\/types\/page"}],"author":[{"embeddable":true,"href":"https:\/\/veterano.de\/es\/wp-json\/wp\/v2\/users\/1"}],"replies":[{"embeddable":true,"href":"https:\/\/veterano.de\/es\/wp-json\/wp\/v2\/comments?post=273"}],"version-history":[{"count":4,"href":"https:\/\/veterano.de\/es\/wp-json\/wp\/v2\/pages\/273\/revisions"}],"predecessor-version":[{"id":309,"href":"https:\/\/veterano.de\/es\/wp-json\/wp\/v2\/pages\/273\/revisions\/309"}],"wp:attachment":[{"href":"https:\/\/veterano.de\/es\/wp-json\/wp\/v2\/media?parent=273"}],"curies":[{"name":"wp","href":"https:\/\/api.w.org\/{rel}","templated":true}]}}